{"id":181,"date":"2019-06-06T14:56:05","date_gmt":"2019-06-06T12:56:05","guid":{"rendered":"http:\/\/rugbybwest.be\/?page_id=181"},"modified":"2025-10-23T17:37:52","modified_gmt":"2025-10-23T15:37:52","slug":"u14","status":"publish","type":"page","link":"http:\/\/rugbybwest.be\/index.php\/categories\/academie\/u14\/","title":{"rendered":"U14"},"content":{"rendered":"\t\t<div data-elementor-type=\"wp-post\" data-elementor-id=\"181\" class=\"elementor elementor-181\">\n\t\t\t\t\t\t<section class=\"elementor-section elementor-top-section elementor-element elementor-element-7dcdeae1 elementor-section-full_width elementor-section-content-middle elementor-section-height-default elementor-section-height-default\" data-id=\"7dcdeae1\" data-element_type=\"section\">\n\t\t\t\t\t\t<div class=\"elementor-container elementor-column-gap-default\">\n\t\t\t\t\t<div class=\"elementor-column elementor-col-100 elementor-top-column elementor-element elementor-element-794c4102\" data-id=\"794c4102\" data-element_type=\"column\">\n\t\t\t<div class=\"elementor-widget-wrap elementor-element-populated\">\n\t\t\t\t\t\t<div class=\"elementor-element elementor-element-16335ec5 elementor-widget__width-auto elementor-widget elementor-widget-text-editor\" data-id=\"16335ec5\" data-element_type=\"widget\" data-widget_type=\"text-editor.default\">\n\t\t\t\t<div class=\"elementor-widget-container\">\n\t\t\t\t\t\t\t<p><!-- wp:paragraph --><\/p>\n<h6>Les entra\u00eenements ont lieu les mercredis et les vendredis de 18h30 \u00e0 20h00.<\/h6>\n<h6>Notre effectif cro\u00eet de saison en saison, la saison derni\u00e8re nous avons particip\u00e9 au championnat Division 7 sur le seconde partie de saison. Nous esp\u00e9rons avoir un effectif suffisant pour poursuivre dans cette comp\u00e9tition, le cas \u00e9ch\u00e9ant, nous participerons au championnat challenge (rugby \u00e0 10 minimum) pour cette saison 2025-2026. Nous sommes \u00e0 la recherche de joueurs motiv\u00e9s, n&rsquo;h\u00e9sitez pas \u00e0 venir faire un essai de mani\u00e8re totalement gratuite pendant 1 mois !<\/h6>\n<h6><span style=\"font-size: 0.833333rem; font-weight: normal;\">Les matchs ont lieu les samedis \u00e0 12h00, soit \u00e0 domicile, soit en d\u00e9placement.<\/span><\/h6>\n<h6>Les entra\u00eenements reprennent le mercredi 06 ao\u00fbt 2025 \u00e0 18h30 pour la saison 2025-2026.<\/h6>\n<p><!-- \/wp:paragraph --><\/p>\n<h6>\n<table id=\"tablepress-6\" class=\"tablepress tablepress-id-6\">\n<thead>\n<tr class=\"row-1\">\n\t<th class=\"column-1\">Fonction<\/th><th class=\"column-2\">Coordonn\u00e9es<\/th>\n<\/tr>\n<\/thead>\n<tbody class=\"row-striping row-hover\">\n<tr class=\"row-2\">\n\t<td class=\"column-1\">Manager<\/td><td class=\"column-2\"><a href=\"mailto:\/\/manager-u14@rugbybwest.be\">manager-u14@rugbybwest.be<\/a><\/td>\n<\/tr>\n<tr class=\"row-3\">\n\t<td class=\"column-1\">Coach<\/td><td class=\"column-2\">Julien MENGEOT \u00ab\u00a0Prune\u00a0\u00bb (T1)<br \/>\nPierre BARBIER \u00ab\u00a0Croll\u00a0\u00bb<br \/>\nJean SCHEERENS<br \/>\nGauthier PETIT (Skills)<br \/>\n<a href=\"mailto:\/\/coach-u14@rugbybwest.be\">coach-u14@rugbybwest.be<\/a><\/td>\n<\/tr>\n<\/tbody>\n<\/table>\n<!-- #tablepress-6 from cache --><\/h6>\t\t\t\t\t\t<\/div>\n\t\t\t\t<\/div>\n\t\t\t\t\t<\/div>\n\t\t<\/div>\n\t\t\t\t\t<\/div>\n\t\t<\/section>\n\t\t\t\t<section class=\"elementor-section elementor-top-section elementor-element elementor-element-211f378 elementor-section-boxed elementor-section-height-default elementor-section-height-default\" data-id=\"211f378\" data-element_type=\"section\">\n\t\t\t\t\t\t<div class=\"elementor-container elementor-column-gap-default\">\n\t\t\t\t\t<div class=\"elementor-column elementor-col-100 elementor-top-column elementor-element elementor-element-3e84b32\" data-id=\"3e84b32\" data-element_type=\"column\">\n\t\t\t<div class=\"elementor-widget-wrap elementor-element-populated\">\n\t\t\t\t\t\t<div class=\"elementor-element elementor-element-68ec1fb elementor-button-info elementor-align-center elementor-widget elementor-widget-button\" data-id=\"68ec1fb\" data-element_type=\"widget\" data-widget_type=\"button.default\">\n\t\t\t\t<div class=\"elementor-widget-container\">\n\t\t\t\t\t<div class=\"elementor-button-wrapper\">\n\t\t\t<a class=\"elementor-button elementor-button-link elementor-size-sm\" href=\"https:\/\/rugbybwest.be\/index.php\/club\/devenir-membre-cotisations\/\">\n\t\t\t\t\t\t<span class=\"elementor-button-content-wrapper\">\n\t\t\t\t\t\t<span class=\"elementor-button-text\">Toutes les infos pour t'inscrire<\/span>\n\t\t<\/span>\n\t\t\t\t\t<\/a>\n\t\t<\/div>\n\t\t\t\t<\/div>\n\t\t\t\t<\/div>\n\t\t\t\t\t<\/div>\n\t\t<\/div>\n\t\t\t\t\t<\/div>\n\t\t<\/section>\n\t\t\t\t<\/div>\n\t\t","protected":false},"excerpt":{"rendered":"<p>Les entra\u00eenements ont lieu les mercredis et les vendredis de 18h30 \u00e0 20h00. Notre effectif cro\u00eet de saison en saison, la saison derni\u00e8re nous avons particip\u00e9 au championnat Division 7 [&hellip;]<\/p>\n","protected":false},"author":1,"featured_media":0,"parent":1306,"menu_order":0,"comment_status":"closed","ping_status":"closed","template":"","meta":{"_seopress_robots_primary_cat":"","_seopress_titles_title":"","_seopress_titles_desc":"","_seopress_robots_index":"","site-sidebar-layout":"no-sidebar","site-content-layout":"boxed-container","ast-site-content-layout":"normal-width-container","site-content-style":"boxed","site-sidebar-style":"boxed","ast-global-header-display":"","ast-banner-title-visibility":"","ast-main-header-display":"","ast-hfb-above-header-display":"","ast-hfb-below-header-display":"","ast-hfb-mobile-header-display":"","site-post-title":"","ast-breadcrumbs-content":"","ast-featured-img":"","footer-sml-layout":"","theme-transparent-header-meta":"default","adv-header-id-meta":"","stick-header-meta":"","header-above-stick-meta":"","header-main-stick-meta":"","header-below-stick-meta":"","astra-migrate-meta-layouts":"set","ast-page-background-enabled":"default","ast-page-background-meta":{"desktop":{"background-color":"var(--ast-global-color-4)","background-image":"","background-repeat":"repeat","background-position":"center center","background-size":"auto","background-attachment":"scroll","background-type":"","background-media":"","overlay-type":"","overlay-color":"","overlay-opacity":"","overlay-gradient":""},"tablet":{"background-color":"","background-image":"","background-repeat":"repeat","background-position":"center center","background-size":"auto","background-attachment":"scroll","background-type":"","background-media":"","overlay-type":"","overlay-color":"","overlay-opacity":"","overlay-gradient":""},"mobile":{"background-color":"","background-image":"","background-repeat":"repeat","background-position":"center center","background-size":"auto","background-attachment":"scroll","background-type":"","background-media":"","overlay-type":"","overlay-color":"","overlay-opacity":"","overlay-gradient":""}},"ast-content-background-meta":{"desktop":{"background-color":"var(--ast-global-color-5)","background-image":"","background-repeat":"repeat","background-position":"center center","background-size":"auto","background-attachment":"scroll","background-type":"","background-media":"","overlay-type":"","overlay-color":"","overlay-opacity":"","overlay-gradient":""},"tablet":{"background-color":"var(--ast-global-color-5)","background-image":"","background-repeat":"repeat","background-position":"center center","background-size":"auto","background-attachment":"scroll","background-type":"","background-media":"","overlay-type":"","overlay-color":"","overlay-opacity":"","overlay-gradient":""},"mobile":{"background-color":"var(--ast-global-color-5)","background-image":"","background-repeat":"repeat","background-position":"center center","background-size":"auto","background-attachment":"scroll","background-type":"","background-media":"","overlay-type":"","overlay-color":"","overlay-opacity":"","overlay-gradient":""}},"footnotes":""},"_links":{"self":[{"href":"http:\/\/rugbybwest.be\/index.php\/wp-json\/wp\/v2\/pages\/181"}],"collection":[{"href":"http:\/\/rugbybwest.be\/index.php\/wp-json\/wp\/v2\/pages"}],"about":[{"href":"http:\/\/rugbybwest.be\/index.php\/wp-json\/wp\/v2\/types\/page"}],"author":[{"embeddable":true,"href":"http:\/\/rugbybwest.be\/index.php\/wp-json\/wp\/v2\/users\/1"}],"replies":[{"embeddable":true,"href":"http:\/\/rugbybwest.be\/index.php\/wp-json\/wp\/v2\/comments?post=181"}],"version-history":[{"count":37,"href":"http:\/\/rugbybwest.be\/index.php\/wp-json\/wp\/v2\/pages\/181\/revisions"}],"predecessor-version":[{"id":1151,"href":"http:\/\/rugbybwest.be\/index.php\/wp-json\/wp\/v2\/pages\/181\/revisions\/1151"}],"up":[{"embeddable":true,"href":"http:\/\/rugbybwest.be\/index.php\/wp-json\/wp\/v2\/pages\/1306"}],"wp:attachment":[{"href":"http:\/\/rugbybwest.be\/index.php\/wp-json\/wp\/v2\/media?parent=181"}],"curies":[{"name":"wp","href":"https:\/\/api.w.org\/{rel}","templated":true}]}}