{"id":220,"date":"2019-06-06T19:10:20","date_gmt":"2019-06-06T17:10:20","guid":{"rendered":"http:\/\/rugbybwest.be\/?page_id=220"},"modified":"2025-10-23T17:39:08","modified_gmt":"2025-10-23T15:39:08","slug":"u18","status":"publish","type":"page","link":"http:\/\/rugbybwest.be\/index.php\/categories\/academie\/u18\/","title":{"rendered":"U18"},"content":{"rendered":"\t\t<div data-elementor-type=\"wp-post\" data-elementor-id=\"220\" class=\"elementor elementor-220\">\n\t\t\t\t\t\t<section class=\"elementor-section elementor-top-section elementor-element elementor-element-2e0b8a1d elementor-section-full_width elementor-section-content-middle elementor-section-height-default elementor-section-height-default\" data-id=\"2e0b8a1d\" data-element_type=\"section\">\n\t\t\t\t\t\t<div class=\"elementor-container elementor-column-gap-default\">\n\t\t\t\t\t<div class=\"elementor-column elementor-col-100 elementor-top-column elementor-element elementor-element-7455d09f\" data-id=\"7455d09f\" data-element_type=\"column\">\n\t\t\t<div class=\"elementor-widget-wrap elementor-element-populated\">\n\t\t\t\t\t\t<div class=\"elementor-element elementor-element-2919643 elementor-widget__width-auto elementor-widget elementor-widget-text-editor\" data-id=\"2919643\" data-element_type=\"widget\" data-widget_type=\"text-editor.default\">\n\t\t\t\t<div class=\"elementor-widget-container\">\n\t\t\t\t\t\t\t<p><!-- wp:paragraph --><\/p>\n<h6>Les entra\u00eenements ont lieu les mercredis de 18h30 \u00e0 20h (entra\u00eenement U18) et les vendredis de 20h00 \u00e0 22h00 (entra\u00eenement commun avec nos s\u00e9niors).<\/h6>\n<h6><span style=\"font-size: 0.833333rem; font-weight: normal;\">Cette cat\u00e9gorie est en reconstruction (manque d&rsquo;effectif li\u00e9 \u00e0 la crise du COVID), le projet pour cette saison 2025-2026 est consid\u00e9r\u00e9 comme une ann\u00e9e de transition. Nous organiserons des matchs amicaux avec le soutien de nos U16 2i\u00e8me ann\u00e9e. Pour nos U18 2i\u00e8me ann\u00e9e, ils pourront, s&rsquo;ils le souhaitent, participer aux matchs avec nos \u00e9quipes s\u00e9niors. L&rsquo;objectif est de leur permettre d&rsquo;avoir du temps de jeu et de les int\u00e9grer d\u00e8s maintenant \u00e0 un groupe soud\u00e9 et solidaire !<\/span><\/h6>\n<h6>Les matchs amicaux auront lieu le samedi \u00e0 15h, soit \u00e0 domicile, soit en d\u00e9placement.<\/h6>\n<h6>Les matchs s\u00e9niors ont lieu les dimanches \u00e0 13h (\u00e9quipe r\u00e9serve) et 15h (\u00e9quipe premi\u00e8re), soit \u00e0 domicile, soit en d\u00e9placement.<\/h6>\n<p><!-- \/wp:paragraph --><\/p>\n<h6>\n<table id=\"tablepress-3\" class=\"tablepress tablepress-id-3\">\n<thead>\n<tr class=\"row-1\">\n\t<th class=\"column-1\">Fonction<\/th><th class=\"column-2\">Coordonn\u00e9es<\/th>\n<\/tr>\n<\/thead>\n<tbody class=\"row-striping row-hover\">\n<tr class=\"row-2\">\n\t<td class=\"column-1\">Managers<\/td><td class=\"column-2\">C\u00e9dric Gilet<br \/>\n+32476660964<br \/>\n<a href=\"mailto:\/\/manager-u18@rugbybwest.be\">manager-u18@rugbybwest.be<\/a><\/td>\n<\/tr>\n<tr class=\"row-3\">\n\t<td class=\"column-1\">Coachs<\/td><td class=\"column-2\">Xavier MILLOT<br \/>\nMaxime MICHEZ<br \/>\n<a href=\"mailto:\/\/coach-u18@rugbybwest.be\">coach-u18@rugbybwest.be<\/a><\/td>\n<\/tr>\n<\/tbody>\n<\/table>\n<!-- #tablepress-3 from cache --><\/h6>\t\t\t\t\t\t<\/div>\n\t\t\t\t<\/div>\n\t\t\t\t\t<\/div>\n\t\t<\/div>\n\t\t\t\t\t<\/div>\n\t\t<\/section>\n\t\t\t\t<section class=\"elementor-section elementor-top-section elementor-element elementor-element-62521da elementor-section-boxed elementor-section-height-default elementor-section-height-default\" data-id=\"62521da\" data-element_type=\"section\">\n\t\t\t\t\t\t<div class=\"elementor-container elementor-column-gap-default\">\n\t\t\t\t\t<div class=\"elementor-column elementor-col-100 elementor-top-column elementor-element elementor-element-3832e95\" data-id=\"3832e95\" data-element_type=\"column\">\n\t\t\t<div class=\"elementor-widget-wrap elementor-element-populated\">\n\t\t\t\t\t\t<div class=\"elementor-element elementor-element-608eba8 elementor-button-info elementor-align-center elementor-widget elementor-widget-button\" data-id=\"608eba8\" data-element_type=\"widget\" data-widget_type=\"button.default\">\n\t\t\t\t<div class=\"elementor-widget-container\">\n\t\t\t\t\t<div class=\"elementor-button-wrapper\">\n\t\t\t<a class=\"elementor-button elementor-button-link elementor-size-sm\" href=\"https:\/\/rugbybwest.be\/index.php\/club\/devenir-membre-cotisations\/\">\n\t\t\t\t\t\t<span class=\"elementor-button-content-wrapper\">\n\t\t\t\t\t\t<span class=\"elementor-button-text\">Toutes les infos pour t'inscrire<\/span>\n\t\t<\/span>\n\t\t\t\t\t<\/a>\n\t\t<\/div>\n\t\t\t\t<\/div>\n\t\t\t\t<\/div>\n\t\t\t\t\t<\/div>\n\t\t<\/div>\n\t\t\t\t\t<\/div>\n\t\t<\/section>\n\t\t\t\t<\/div>\n\t\t","protected":false},"excerpt":{"rendered":"<p>Les entra\u00eenements ont lieu les mercredis de 18h30 \u00e0 20h (entra\u00eenement U18) et les vendredis de 20h00 \u00e0 22h00 (entra\u00eenement commun avec nos s\u00e9niors). Cette cat\u00e9gorie est en reconstruction (manque [&hellip;]<\/p>\n","protected":false},"author":1,"featured_media":0,"parent":1306,"menu_order":0,"comment_status":"closed","ping_status":"closed","template":"","meta":{"_seopress_robots_primary_cat":"","_seopress_titles_title":"","_seopress_titles_desc":"","_seopress_robots_index":"","site-sidebar-layout":"no-sidebar","site-content-layout":"boxed-container","ast-site-content-layout":"normal-width-container","site-content-style":"boxed","site-sidebar-style":"boxed","ast-global-header-display":"","ast-banner-title-visibility":"","ast-main-header-display":"","ast-hfb-above-header-display":"","ast-hfb-below-header-display":"","ast-hfb-mobile-header-display":"","site-post-title":"","ast-breadcrumbs-content":"","ast-featured-img":"","footer-sml-layout":"","theme-transparent-header-meta":"default","adv-header-id-meta":"","stick-header-meta":"","header-above-stick-meta":"","header-main-stick-meta":"","header-below-stick-meta":"","astra-migrate-meta-layouts":"set","ast-page-background-enabled":"default","ast-page-background-meta":{"desktop":{"background-color":"var(--ast-global-color-4)","background-image":"","background-repeat":"repeat","background-position":"center center","background-size":"auto","background-attachment":"scroll","background-type":"","background-media":"","overlay-type":"","overlay-color":"","overlay-opacity":"","overlay-gradient":""},"tablet":{"background-color":"","background-image":"","background-repeat":"repeat","background-position":"center center","background-size":"auto","background-attachment":"scroll","background-type":"","background-media":"","overlay-type":"","overlay-color":"","overlay-opacity":"","overlay-gradient":""},"mobile":{"background-color":"","background-image":"","background-repeat":"repeat","background-position":"center center","background-size":"auto","background-attachment":"scroll","background-type":"","background-media":"","overlay-type":"","overlay-color":"","overlay-opacity":"","overlay-gradient":""}},"ast-content-background-meta":{"desktop":{"background-color":"var(--ast-global-color-5)","background-image":"","background-repeat":"repeat","background-position":"center center","background-size":"auto","background-attachment":"scroll","background-type":"","background-media":"","overlay-type":"","overlay-color":"","overlay-opacity":"","overlay-gradient":""},"tablet":{"background-color":"var(--ast-global-color-5)","background-image":"","background-repeat":"repeat","background-position":"center center","background-size":"auto","background-attachment":"scroll","background-type":"","background-media":"","overlay-type":"","overlay-color":"","overlay-opacity":"","overlay-gradient":""},"mobile":{"background-color":"var(--ast-global-color-5)","background-image":"","background-repeat":"repeat","background-position":"center center","background-size":"auto","background-attachment":"scroll","background-type":"","background-media":"","overlay-type":"","overlay-color":"","overlay-opacity":"","overlay-gradient":""}},"footnotes":""},"_links":{"self":[{"href":"http:\/\/rugbybwest.be\/index.php\/wp-json\/wp\/v2\/pages\/220"}],"collection":[{"href":"http:\/\/rugbybwest.be\/index.php\/wp-json\/wp\/v2\/pages"}],"about":[{"href":"http:\/\/rugbybwest.be\/index.php\/wp-json\/wp\/v2\/types\/page"}],"author":[{"embeddable":true,"href":"http:\/\/rugbybwest.be\/index.php\/wp-json\/wp\/v2\/users\/1"}],"replies":[{"embeddable":true,"href":"http:\/\/rugbybwest.be\/index.php\/wp-json\/wp\/v2\/comments?post=220"}],"version-history":[{"count":22,"href":"http:\/\/rugbybwest.be\/index.php\/wp-json\/wp\/v2\/pages\/220\/revisions"}],"predecessor-version":[{"id":1157,"href":"http:\/\/rugbybwest.be\/index.php\/wp-json\/wp\/v2\/pages\/220\/revisions\/1157"}],"up":[{"embeddable":true,"href":"http:\/\/rugbybwest.be\/index.php\/wp-json\/wp\/v2\/pages\/1306"}],"wp:attachment":[{"href":"http:\/\/rugbybwest.be\/index.php\/wp-json\/wp\/v2\/media?parent=220"}],"curies":[{"name":"wp","href":"https:\/\/api.w.org\/{rel}","templated":true}]}}