{"id":383,"date":"2019-06-16T17:34:03","date_gmt":"2019-06-16T15:34:03","guid":{"rendered":"http:\/\/rugbybwest.be\/?page_id=383"},"modified":"2025-09-02T14:41:33","modified_gmt":"2025-09-02T12:41:33","slug":"devenir-membre-cotisations","status":"publish","type":"page","link":"http:\/\/rugbybwest.be\/index.php\/club\/devenir-membre-cotisations\/","title":{"rendered":"Devenir membre &#8211; Cotisations"},"content":{"rendered":"\t\t<div data-elementor-type=\"wp-post\" data-elementor-id=\"383\" class=\"elementor elementor-383\">\n\t\t\t\t\t\t<section class=\"elementor-section elementor-top-section elementor-element elementor-element-a3c362f elementor-section-boxed elementor-section-height-default elementor-section-height-default\" data-id=\"a3c362f\" data-element_type=\"section\">\n\t\t\t\t\t\t<div class=\"elementor-container elementor-column-gap-default\">\n\t\t\t\t\t<div class=\"elementor-column elementor-col-100 elementor-top-column elementor-element elementor-element-520e318\" data-id=\"520e318\" data-element_type=\"column\">\n\t\t\t<div class=\"elementor-widget-wrap elementor-element-populated\">\n\t\t\t\t\t\t<div class=\"elementor-element elementor-element-498df57 elementor-widget elementor-widget-text-editor\" data-id=\"498df57\" data-element_type=\"widget\" data-widget_type=\"text-editor.default\">\n\t\t\t\t<div class=\"elementor-widget-container\">\n\t\t\t\t\t\t\t<h3><span style=\"color: #6b0000;\">Devenir Membre \u2013 Cotisations<\/span><\/h3><div style=\"margin-right: 5px; margin-bottom: 5px;\" align=\"left\"><div style=\"margin-right: 5px; margin-bottom: 5px;\" align=\"left\"><span style=\"font-size: 18px;\">Le Rugby B.W. Est asbl comporte plusieurs types de membres.<\/span><\/div><ul><li>Les <strong>membres effectifs<\/strong> : les joueurs et les dirigeants de <span style=\"text-decoration: underline;\">plus de 18 ans<\/span> en ordre de cotisation et de licence aupr\u00e8s de la Ligue belge francophone de rugby (LBFR).<\/li><li>Les <strong>membres adh\u00e9rents<\/strong> : les joueurs et les dirigeants de <span style=\"text-decoration: underline;\">moins de 18 ans<\/span> en ordre de cotisation et de licence aupr\u00e8s de la Ligue belge francophone de rugby (LBFR)<\/li><li>Les <strong>membres sympathisants<\/strong> : les personnes qui souhaitent soutenir le club, tout en n\u2019\u00e9tant ni joueurs ni dirigeants.<\/li><\/ul><div style=\"margin-right: 5px; margin-bottom: 5px;\" align=\"left\">\u00a0Seuls les membres effectifs ont droit de vote \u00e0 l\u2019Assembl\u00e9e G\u00e9n\u00e9rale.<\/div><div style=\"margin-right: 5px; margin-bottom: 5px;\" align=\"left\">\u00a0<\/div><h3 style=\"margin-right: 5px; margin-bottom: 5px;\" align=\"left\"><span style=\"color: #6b0000;\">Montant des cotisations \u2013 Saison 2025\u20132026<\/span><\/h3><\/div><div style=\"margin-right: 5px; margin-bottom: 5px;\" align=\"left\"><span style=\"color: #4d4d4d; font-family: Arial, Helvetica Neue, Helvetica, sans-serif; font-size: medium;\"><b>\n<table id=\"tablepress-10\" class=\"tablepress tablepress-id-10\">\n<thead>\n<tr class=\"row-1\">\n\t<th class=\"column-1\">Cat\u00e9gorie<\/th><th class=\"column-2\">Cotisation<\/th>\n<\/tr>\n<\/thead>\n<tbody class=\"row-striping row-hover\">\n<tr class=\"row-2\">\n\t<td class=\"column-1\">Baby Rugby<\/td><td class=\"column-2\">130 \u20ac<\/td>\n<\/tr>\n<tr class=\"row-3\">\n\t<td class=\"column-1\">Ecole des jeunes : U8-U10-U12<br \/>\nAcad\u00e9mie : U14-U16-U18<\/td><td class=\"column-2\">210 \u20ac<\/td>\n<\/tr>\n<tr class=\"row-4\">\n\t<td class=\"column-1\">Seniors<\/td><td class=\"column-2\">290 \u20ac<\/td>\n<\/tr>\n<tr class=\"row-5\">\n\t<td class=\"column-1\">V\u00e9t\u00e9rans<\/td><td class=\"column-2\">290 \u20ac<\/td>\n<\/tr>\n<tr class=\"row-6\">\n\t<td class=\"column-1\">Ladies<\/td><td class=\"column-2\">270 \u20ac<\/td>\n<\/tr>\n<tr class=\"row-7\">\n\t<td class=\"column-1\">Sympathisant<\/td><td class=\"column-2\">50 \u20ac<\/td>\n<\/tr>\n<\/tbody>\n<\/table>\n<!-- #tablepress-10 from cache --><\/b><\/span><\/div>\t\t\t\t\t\t<\/div>\n\t\t\t\t<\/div>\n\t\t\t\t\t<\/div>\n\t\t<\/div>\n\t\t\t\t\t<\/div>\n\t\t<\/section>\n\t\t\t\t<section class=\"elementor-section elementor-top-section elementor-element elementor-element-eea3281 elementor-section-boxed elementor-section-height-default elementor-section-height-default\" data-id=\"eea3281\" data-element_type=\"section\">\n\t\t\t\t\t\t<div class=\"elementor-container elementor-column-gap-default\">\n\t\t\t\t\t<div class=\"elementor-column elementor-col-100 elementor-top-column elementor-element elementor-element-de1009d\" data-id=\"de1009d\" data-element_type=\"column\">\n\t\t\t<div class=\"elementor-widget-wrap elementor-element-populated\">\n\t\t\t\t\t\t<div class=\"elementor-element elementor-element-0fa9347 elementor-widget elementor-widget-text-editor\" data-id=\"0fa9347\" data-element_type=\"widget\" data-widget_type=\"text-editor.default\">\n\t\t\t\t<div class=\"elementor-widget-container\">\n\t\t\t\t\t\t\t<p>Les membres d&rsquo;une m\u00eame famille b\u00e9n\u00e9ficient d&rsquo;une r\u00e9duction de 20 \u20ac\/licence \u00e0 partir du deuxi\u00e8me membre.<\/p><p>T\u00e9l\u00e9charger le Certificat me\u0301dical LBFR Saison 2025-2026 : <a style=\"background-color: #ffffff; font-size: 1rem;\" href=\"http:\/\/rugbybwest.be\/wp-content\/uploads\/2025\/05\/Certificat_medical_25-26_BWEST.pdf\" target=\"_blank\" rel=\"noopener\">Certificat m\u00e9dical Saison 2025-2026<\/a><\/p><p>La visite chez le m\u00e9decin n&rsquo;est pas requise pour la cat\u00e9gorie Baby Rugby.<\/p><p><b><u>Paiement de la cotisation 25-26 :<\/u><\/b>\u00a0<\/p><p>Compte bancaire <strong style=\"font-size: 18px; color: var( --e-global-color-text ); font-family: var( --e-global-typography-text-font-family ), Sans-serif;\">CBC : BE54 7320 6168 6997<\/strong><\/p><p><span style=\"font-size: 14px;\">Rugby B.W.Est asbl<br \/>Rue de la Chapelle Saint-Jean 26<br \/>1370 Pi\u00e9train<\/span><\/p><p>En communication svp : <strong>Cotisation 25-26 Nom, Pr\u00e9nom<\/strong><\/p><p><b><u>Transfert depuis un autre club :<\/u><\/b><\/p><p>Demande de transfert libre (Si vous n&rsquo;\u00eates pas encore inscrit dans un autre club pour la saison 25-26) :\u00a0<a style=\"background-color: #ffffff; font-size: 1rem;\" href=\"http:\/\/rugbybwest.be\/wp-content\/uploads\/2025\/05\/Demande_transfert_libre_25-26.pdf\" target=\"_blank\" rel=\"noopener\">Demande de transfert libre<\/a><\/p><p>Demande de transfert (Si vous \u00eates d\u00e9j\u00e0 inscrit dans un autre club pour cette saison 25-26) :\u00a0<a style=\"background-color: #ffffff; font-size: 1rem;\" href=\"http:\/\/rugbybwest.be\/wp-content\/uploads\/2025\/05\/Demande_de_transfert_25-26.pdf\" target=\"_blank\" rel=\"noopener\">Demande de transfert<\/a><\/p><p><b><u>Remboursement Mutuelle :<\/u><\/b><\/p><p>Pour rappel les mutuelles remboursent une partie de la cotisation sportive !<\/p><p>L&rsquo;attestation \u00ab\u00a0papier\u00a0\u00bb pr\u00e9-remplie avec coordonn\u00e9es du joueur doit \u00eatre remise au secr\u00e9tariat du club qui y apposera le cachet du club, sa signature et le montant pay\u00e9 pour la cotisation.<\/p>\t\t\t\t\t\t<\/div>\n\t\t\t\t<\/div>\n\t\t\t\t<div class=\"elementor-element elementor-element-bd0fe2d elementor-widget elementor-widget-text-editor\" data-id=\"bd0fe2d\" data-element_type=\"widget\" data-widget_type=\"text-editor.default\">\n\t\t\t\t<div class=\"elementor-widget-container\">\n\t\t\t\t\t\t\t\t\t\t\t\t\t<\/div>\n\t\t\t\t<\/div>\n\t\t\t\t<div class=\"elementor-element elementor-element-c16b763 elementor-widget elementor-widget-text-editor\" data-id=\"c16b763\" data-element_type=\"widget\" data-widget_type=\"text-editor.default\">\n\t\t\t\t<div class=\"elementor-widget-container\">\n\t\t\t\t\t\t\t\t\t\t\t\t\t<\/div>\n\t\t\t\t<\/div>\n\t\t\t\t\t<\/div>\n\t\t<\/div>\n\t\t\t\t\t<\/div>\n\t\t<\/section>\n\t\t\t\t<\/div>\n\t\t","protected":false},"excerpt":{"rendered":"<p>Devenir Membre \u2013 Cotisations Le Rugby B.W. Est asbl comporte plusieurs types de membres. Les membres effectifs : les joueurs et les dirigeants de plus de 18 ans en ordre [&hellip;]<\/p>\n","protected":false},"author":1,"featured_media":0,"parent":77,"menu_order":0,"comment_status":"closed","ping_status":"closed","template":"","meta":{"_seopress_robots_primary_cat":"","_seopress_titles_title":"","_seopress_titles_desc":"","_seopress_robots_index":"","site-sidebar-layout":"no-sidebar","site-content-layout":"page-builder","ast-site-content-layout":"full-width-container","site-content-style":"unboxed","site-sidebar-style":"unboxed","ast-global-header-display":"","ast-banner-title-visibility":"","ast-main-header-display":"","ast-hfb-above-header-display":"","ast-hfb-below-header-display":"","ast-hfb-mobile-header-display":"","site-post-title":"disabled","ast-breadcrumbs-content":"","ast-featured-img":"disabled","footer-sml-layout":"","theme-transparent-header-meta":"default","adv-header-id-meta":"","stick-header-meta":"","header-above-stick-meta":"","header-main-stick-meta":"","header-below-stick-meta":"","astra-migrate-meta-layouts":"set","ast-page-background-enabled":"default","ast-page-background-meta":{"desktop":{"background-color":"var(--ast-global-color-4)","background-image":"","background-repeat":"repeat","background-position":"center center","background-size":"auto","background-attachment":"scroll","background-type":"","background-media":"","overlay-type":"","overlay-color":"","overlay-opacity":"","overlay-gradient":""},"tablet":{"background-color":"","background-image":"","background-repeat":"repeat","background-position":"center center","background-size":"auto","background-attachment":"scroll","background-type":"","background-media":"","overlay-type":"","overlay-color":"","overlay-opacity":"","overlay-gradient":""},"mobile":{"background-color":"","background-image":"","background-repeat":"repeat","background-position":"center center","background-size":"auto","background-attachment":"scroll","background-type":"","background-media":"","overlay-type":"","overlay-color":"","overlay-opacity":"","overlay-gradient":""}},"ast-content-background-meta":{"desktop":{"background-color":"var(--ast-global-color-5)","background-image":"","background-repeat":"repeat","background-position":"center center","background-size":"auto","background-attachment":"scroll","background-type":"","background-media":"","overlay-type":"","overlay-color":"","overlay-opacity":"","overlay-gradient":""},"tablet":{"background-color":"var(--ast-global-color-5)","background-image":"","background-repeat":"repeat","background-position":"center center","background-size":"auto","background-attachment":"scroll","background-type":"","background-media":"","overlay-type":"","overlay-color":"","overlay-opacity":"","overlay-gradient":""},"mobile":{"background-color":"var(--ast-global-color-5)","background-image":"","background-repeat":"repeat","background-position":"center center","background-size":"auto","background-attachment":"scroll","background-type":"","background-media":"","overlay-type":"","overlay-color":"","overlay-opacity":"","overlay-gradient":""}},"footnotes":""},"_links":{"self":[{"href":"http:\/\/rugbybwest.be\/index.php\/wp-json\/wp\/v2\/pages\/383"}],"collection":[{"href":"http:\/\/rugbybwest.be\/index.php\/wp-json\/wp\/v2\/pages"}],"about":[{"href":"http:\/\/rugbybwest.be\/index.php\/wp-json\/wp\/v2\/types\/page"}],"author":[{"embeddable":true,"href":"http:\/\/rugbybwest.be\/index.php\/wp-json\/wp\/v2\/users\/1"}],"replies":[{"embeddable":true,"href":"http:\/\/rugbybwest.be\/index.php\/wp-json\/wp\/v2\/comments?post=383"}],"version-history":[{"count":121,"href":"http:\/\/rugbybwest.be\/index.php\/wp-json\/wp\/v2\/pages\/383\/revisions"}],"predecessor-version":[{"id":1201,"href":"http:\/\/rugbybwest.be\/index.php\/wp-json\/wp\/v2\/pages\/383\/revisions\/1201"}],"up":[{"embeddable":true,"href":"http:\/\/rugbybwest.be\/index.php\/wp-json\/wp\/v2\/pages\/77"}],"wp:attachment":[{"href":"http:\/\/rugbybwest.be\/index.php\/wp-json\/wp\/v2\/media?parent=383"}],"curies":[{"name":"wp","href":"https:\/\/api.w.org\/{rel}","templated":true}]}}