{"id":79,"date":"2019-06-03T18:47:32","date_gmt":"2019-06-03T16:47:32","guid":{"rendered":"http:\/\/rugbybwest.be\/?page_id=79"},"modified":"2026-04-10T08:58:11","modified_gmt":"2026-04-10T06:58:11","slug":"activites","status":"publish","type":"page","link":"http:\/\/rugbybwest.be\/index.php\/activites\/","title":{"rendered":"Activit\u00e9s"},"content":{"rendered":"\t\t<div data-elementor-type=\"wp-post\" data-elementor-id=\"79\" class=\"elementor elementor-79\">\n\t\t\t\t\t\t<section class=\"elementor-section elementor-top-section elementor-element elementor-element-b06d1f8 elementor-section-boxed elementor-section-height-default elementor-section-height-default\" data-id=\"b06d1f8\" data-element_type=\"section\">\n\t\t\t\t\t\t<div class=\"elementor-container elementor-column-gap-default\">\n\t\t\t\t\t<div class=\"elementor-column elementor-col-100 elementor-top-column elementor-element elementor-element-8138422\" data-id=\"8138422\" data-element_type=\"column\">\n\t\t\t<div class=\"elementor-widget-wrap elementor-element-populated\">\n\t\t\t\t\t\t<div class=\"elementor-element elementor-element-6cb13a9 gallery-spacing-custom elementor-widget elementor-widget-image-gallery\" data-id=\"6cb13a9\" data-element_type=\"widget\" data-widget_type=\"image-gallery.default\">\n\t\t\t\t<div class=\"elementor-widget-container\">\n\t\t\t\t\t<div class=\"elementor-image-gallery\">\n\t\t\t<div id='gallery-1' class='gallery galleryid-79 gallery-columns-2 gallery-size-large'><figure class='gallery-item'>\n\t\t\t<div class='gallery-icon portrait'>\n\t\t\t\t<a data-elementor-open-lightbox=\"yes\" data-elementor-lightbox-slideshow=\"6cb13a9\" data-elementor-lightbox-title=\"bwest-Post_Stages_summer-04\" data-e-action-hash=\"#elementor-action%3Aaction%3Dlightbox%26settings%3DeyJpZCI6MTUyMCwidXJsIjoiaHR0cDpcL1wvcnVnYnlid2VzdC5iZVwvd3AtY29udGVudFwvdXBsb2Fkc1wvMjAyNlwvMDRcL2J3ZXN0LVBvc3RfU3RhZ2VzX3N1bW1lci0wNC5qcGciLCJzbGlkZXNob3ciOiI2Y2IxM2E5In0%3D\" href='http:\/\/rugbybwest.be\/wp-content\/uploads\/2026\/04\/bwest-Post_Stages_summer-04.jpg'><img fetchpriority=\"high\" decoding=\"async\" width=\"819\" height=\"1024\" src=\"http:\/\/rugbybwest.be\/wp-content\/uploads\/2026\/04\/bwest-Post_Stages_summer-04-819x1024.jpg\" class=\"attachment-large size-large\" alt=\"\" srcset=\"http:\/\/rugbybwest.be\/wp-content\/uploads\/2026\/04\/bwest-Post_Stages_summer-04-819x1024.jpg 819w, http:\/\/rugbybwest.be\/wp-content\/uploads\/2026\/04\/bwest-Post_Stages_summer-04-240x300.jpg 240w, http:\/\/rugbybwest.be\/wp-content\/uploads\/2026\/04\/bwest-Post_Stages_summer-04-768x960.jpg 768w, http:\/\/rugbybwest.be\/wp-content\/uploads\/2026\/04\/bwest-Post_Stages_summer-04-1229x1536.jpg 1229w, http:\/\/rugbybwest.be\/wp-content\/uploads\/2026\/04\/bwest-Post_Stages_summer-04-1639x2048.jpg 1639w\" sizes=\"(max-width: 819px) 100vw, 819px\" \/><\/a>\n\t\t\t<\/div><\/figure><figure class='gallery-item'>\n\t\t\t<div class='gallery-icon portrait'>\n\t\t\t\t<a data-elementor-open-lightbox=\"yes\" data-elementor-lightbox-slideshow=\"6cb13a9\" data-elementor-lightbox-title=\"Stage-ete_POST-02\" data-e-action-hash=\"#elementor-action%3Aaction%3Dlightbox%26settings%3DeyJpZCI6MTU0OCwidXJsIjoiaHR0cDpcL1wvcnVnYnlid2VzdC5iZVwvd3AtY29udGVudFwvdXBsb2Fkc1wvMjAyNlwvMDRcL1N0YWdlLWV0ZV9QT1NULTAyLmpwZyIsInNsaWRlc2hvdyI6IjZjYjEzYTkifQ%3D%3D\" href='http:\/\/rugbybwest.be\/wp-content\/uploads\/2026\/04\/Stage-ete_POST-02.jpg'><img decoding=\"async\" width=\"819\" height=\"1024\" src=\"http:\/\/rugbybwest.be\/wp-content\/uploads\/2026\/04\/Stage-ete_POST-02-819x1024.jpg\" class=\"attachment-large size-large\" alt=\"\" srcset=\"http:\/\/rugbybwest.be\/wp-content\/uploads\/2026\/04\/Stage-ete_POST-02-819x1024.jpg 819w, http:\/\/rugbybwest.be\/wp-content\/uploads\/2026\/04\/Stage-ete_POST-02-240x300.jpg 240w, http:\/\/rugbybwest.be\/wp-content\/uploads\/2026\/04\/Stage-ete_POST-02-768x960.jpg 768w, http:\/\/rugbybwest.be\/wp-content\/uploads\/2026\/04\/Stage-ete_POST-02-1229x1536.jpg 1229w, http:\/\/rugbybwest.be\/wp-content\/uploads\/2026\/04\/Stage-ete_POST-02-1639x2048.jpg 1639w\" sizes=\"(max-width: 819px) 100vw, 819px\" \/><\/a>\n\t\t\t<\/div><\/figure>\n\t\t<\/div>\n\t\t<\/div>\n\t\t\t\t<\/div>\n\t\t\t\t<\/div>\n\t\t\t\t\t<\/div>\n\t\t<\/div>\n\t\t\t\t\t<\/div>\n\t\t<\/section>\n\t\t\t\t<section class=\"elementor-section elementor-top-section elementor-element elementor-element-87c9f82 elementor-section-boxed elementor-section-height-default elementor-section-height-default\" data-id=\"87c9f82\" data-element_type=\"section\">\n\t\t\t\t\t\t<div class=\"elementor-container elementor-column-gap-default\">\n\t\t\t\t\t<div class=\"elementor-column elementor-col-100 elementor-top-column elementor-element elementor-element-82190cf\" data-id=\"82190cf\" data-element_type=\"column\">\n\t\t\t<div class=\"elementor-widget-wrap elementor-element-populated\">\n\t\t\t\t\t\t<div class=\"elementor-element elementor-element-c08dcb1 elementor-widget elementor-widget-text-editor\" data-id=\"c08dcb1\" data-element_type=\"widget\" data-widget_type=\"text-editor.default\">\n\t\t\t\t<div class=\"elementor-widget-container\">\n\t\t\t\t\t\t\t<p><strong>Stages pour les 6 \u00e0 11 ans (enfants n\u00e9s durant les ann\u00e9es civiles 2015 \u00e0 2020)\u00a0<\/strong><br \/>Lundi 6 juillet au vendredi 10 juillet<br \/>Lundi 17 ao\u00fbt au vendredi 21 ao\u00fbt<\/p><p><strong>Stages pour les 12 \u00e0 17 ans\u00a0<\/strong><span style=\"font-weight: bold;\">(enfants n\u00e9s durant les ann\u00e9es civiles 2009 \u00e0 2014)<\/span><br \/>Lundi 17 ao\u00fbt au vendredi 21 ao\u00fbt<\/p><p>\u23f0 Les stages auront lieu de 9h \u00e0 16h. L&rsquo;accueil sera organis\u00e9 de 8h \u00e0 17h.<br \/>\ud83e\udd56 Un pique-nique est \u00e0 pr\u00e9voir chaque jour, sauf le vendredi o\u00f9 un barbecue sera organis\u00e9.<br \/>\ud83d\udcb0 Tarif du stage : 120 \u20ac pour les non-affili\u00e9s et100 \u20ac pour les membres du club.<\/p><p>Compte bancaire CBC : BE54 7320 6168 6997<\/p><p>Rugby B.W.Est asbl<br \/>Rue de la Chapelle Saint-Jean 26<br \/>1370 Pi\u00e9train<\/p><p>En communication svp : Stage, periode, Nom, Pr\u00e9nom et l&rsquo;\u00e2ge du\/de la participant(e)<\/p><p>\u00a0<\/p>\t\t\t\t\t\t<\/div>\n\t\t\t\t<\/div>\n\t\t\t\t\t<\/div>\n\t\t<\/div>\n\t\t\t\t\t<\/div>\n\t\t<\/section>\n\t\t\t\t<section class=\"elementor-section elementor-top-section elementor-element elementor-element-dde360b elementor-section-boxed elementor-section-height-default elementor-section-height-default\" data-id=\"dde360b\" data-element_type=\"section\">\n\t\t\t\t\t\t<div class=\"elementor-container elementor-column-gap-default\">\n\t\t\t\t\t<div class=\"elementor-column elementor-col-100 elementor-top-column elementor-element elementor-element-8c1e8eb\" data-id=\"8c1e8eb\" data-element_type=\"column\">\n\t\t\t<div class=\"elementor-widget-wrap\">\n\t\t\t\t\t\t\t<\/div>\n\t\t<\/div>\n\t\t\t\t\t<\/div>\n\t\t<\/section>\n\t\t\t\t<\/div>\n\t\t","protected":false},"excerpt":{"rendered":"<p>Stages pour les 6 \u00e0 11 ans (enfants n\u00e9s durant les ann\u00e9es civiles 2015 \u00e0 2020)\u00a0Lundi 6 juillet au vendredi 10 juilletLundi 17 ao\u00fbt au vendredi 21 ao\u00fbt Stages pour [&hellip;]<\/p>\n","protected":false},"author":1,"featured_media":0,"parent":0,"menu_order":4,"comment_status":"closed","ping_status":"closed","template":"","meta":{"_seopress_robots_primary_cat":"","_seopress_titles_title":"","_seopress_titles_desc":"","_seopress_robots_index":"","site-sidebar-layout":"no-sidebar","site-content-layout":"plain-container","ast-site-content-layout":"normal-width-container","site-content-style":"unboxed","site-sidebar-style":"unboxed","ast-global-header-display":"","ast-banner-title-visibility":"","ast-main-header-display":"","ast-hfb-above-header-display":"","ast-hfb-below-header-display":"","ast-hfb-mobile-header-display":"","site-post-title":"disabled","ast-breadcrumbs-content":"","ast-featured-img":"disabled","footer-sml-layout":"","theme-transparent-header-meta":"default","adv-header-id-meta":"","stick-header-meta":"","header-above-stick-meta":"","header-main-stick-meta":"","header-below-stick-meta":"","astra-migrate-meta-layouts":"set","ast-page-background-enabled":"default","ast-page-background-meta":{"desktop":{"background-color":"var(--ast-global-color-4)","background-image":"","background-repeat":"repeat","background-position":"center center","background-size":"auto","background-attachment":"scroll","background-type":"","background-media":"","overlay-type":"","overlay-color":"","overlay-opacity":"","overlay-gradient":""},"tablet":{"background-color":"","background-image":"","background-repeat":"repeat","background-position":"center center","background-size":"auto","background-attachment":"scroll","background-type":"","background-media":"","overlay-type":"","overlay-color":"","overlay-opacity":"","overlay-gradient":""},"mobile":{"background-color":"","background-image":"","background-repeat":"repeat","background-position":"center center","background-size":"auto","background-attachment":"scroll","background-type":"","background-media":"","overlay-type":"","overlay-color":"","overlay-opacity":"","overlay-gradient":""}},"ast-content-background-meta":{"desktop":{"background-color":"var(--ast-global-color-5)","background-image":"","background-repeat":"repeat","background-position":"center center","background-size":"auto","background-attachment":"scroll","background-type":"","background-media":"","overlay-type":"","overlay-color":"","overlay-opacity":"","overlay-gradient":""},"tablet":{"background-color":"var(--ast-global-color-5)","background-image":"","background-repeat":"repeat","background-position":"center center","background-size":"auto","background-attachment":"scroll","background-type":"","background-media":"","overlay-type":"","overlay-color":"","overlay-opacity":"","overlay-gradient":""},"mobile":{"background-color":"var(--ast-global-color-5)","background-image":"","background-repeat":"repeat","background-position":"center center","background-size":"auto","background-attachment":"scroll","background-type":"","background-media":"","overlay-type":"","overlay-color":"","overlay-opacity":"","overlay-gradient":""}},"footnotes":""},"_links":{"self":[{"href":"http:\/\/rugbybwest.be\/index.php\/wp-json\/wp\/v2\/pages\/79"}],"collection":[{"href":"http:\/\/rugbybwest.be\/index.php\/wp-json\/wp\/v2\/pages"}],"about":[{"href":"http:\/\/rugbybwest.be\/index.php\/wp-json\/wp\/v2\/types\/page"}],"author":[{"embeddable":true,"href":"http:\/\/rugbybwest.be\/index.php\/wp-json\/wp\/v2\/users\/1"}],"replies":[{"embeddable":true,"href":"http:\/\/rugbybwest.be\/index.php\/wp-json\/wp\/v2\/comments?post=79"}],"version-history":[{"count":69,"href":"http:\/\/rugbybwest.be\/index.php\/wp-json\/wp\/v2\/pages\/79\/revisions"}],"predecessor-version":[{"id":1554,"href":"http:\/\/rugbybwest.be\/index.php\/wp-json\/wp\/v2\/pages\/79\/revisions\/1554"}],"wp:attachment":[{"href":"http:\/\/rugbybwest.be\/index.php\/wp-json\/wp\/v2\/media?parent=79"}],"curies":[{"name":"wp","href":"https:\/\/api.w.org\/{rel}","templated":true}]}}