{"id":132,"date":"2019-06-04T10:38:54","date_gmt":"2019-06-04T08:38:54","guid":{"rendered":"http:\/\/rugbybwest.be\/?page_id=132"},"modified":"2025-10-23T17:42:14","modified_gmt":"2025-10-23T15:42:14","slug":"ecole-des-jeunes","status":"publish","type":"page","link":"https:\/\/rugbybwest.be\/index.php\/categories\/ecole-des-jeunes\/","title":{"rendered":"Ecole des jeunes (U8 \u00e0 U12)"},"content":{"rendered":"\t\t<div data-elementor-type=\"wp-post\" data-elementor-id=\"132\" class=\"elementor elementor-132\">\n\t\t\t\t\t\t<section class=\"elementor-section elementor-top-section elementor-element elementor-element-51a7da5a elementor-section-full_width elementor-section-content-middle elementor-section-height-default elementor-section-height-default\" data-id=\"51a7da5a\" data-element_type=\"section\">\n\t\t\t\t\t\t<div class=\"elementor-container elementor-column-gap-default\">\n\t\t\t\t\t<div class=\"elementor-column elementor-col-100 elementor-top-column elementor-element elementor-element-2a8c614c\" data-id=\"2a8c614c\" data-element_type=\"column\">\n\t\t\t<div class=\"elementor-widget-wrap elementor-element-populated\">\n\t\t\t\t\t\t<div class=\"elementor-element elementor-element-1b2d3bfd elementor-widget elementor-widget-text-editor\" data-id=\"1b2d3bfd\" data-element_type=\"widget\" data-widget_type=\"text-editor.default\">\n\t\t\t\t<div class=\"elementor-widget-container\">\n\t\t\t\t\t\t\t<p><!-- wp:paragraph --><\/p>\n<h6>Les entra\u00eenements ont lieu les mercredis de 18h00 \u00e0 19h15 et les vendredis de 18h15 \u00e0 19h45. Nous participons aux Rassemblements Nationaux (RN), tournois organis\u00e9s par les clubs sous l&rsquo;\u00e9gide de la FBRB, ils ont lieu une grosse dizaine de samedis matin sur l&rsquo;ensemble de la saison, les matchs se jouent en g\u00e9n\u00e9ral de 10h \u00e0 midi, lorsque les tournois ont lieu en d\u00e9placement, il faut pr\u00e9voir les trajets aller et retour dans l&rsquo;horaire (la fourchette large c&rsquo;est 08h-14h).\u00a0<\/h6>\n<h6>Nous esp\u00e9rons avoir 1 \u00e9quipe inscrite dans chaque cat\u00e9gorie (U8, U10 et U12) pour les RN.<\/h6>\n<h6>Notre club est en g\u00e9n\u00e9ral \u00ab\u00a0organisateur\u00a0\u00bb de 2 tournois \u00e0 domicile par saison et pour les autres rendez-vous, ce sera en d\u00e9placement.<\/h6>\n<h6>Les entra\u00eenements reprennent le mercredi 27 ao\u00fbt 2025 \u00e0 18h (mercredi de la rentr\u00e9e scolaire) pour la saison 2025-2026.<\/h6>\n<h6>\n<table id=\"tablepress-4\" class=\"tablepress tablepress-id-4\">\n<thead>\n<tr class=\"row-1\">\n\t<th class=\"column-1\">Fonction<\/th><th class=\"column-2\">Coordonn\u00e9es<\/th>\n<\/tr>\n<\/thead>\n<tbody class=\"row-striping row-hover\">\n<tr class=\"row-2\">\n\t<td class=\"column-1\">Manager<\/td><td class=\"column-2\">Fannie DE CORTE<br \/>\nNathalie ROLOFFE<br \/>\n<a href=\"mailto:\/\/manager-edj@rugbybwest.be\">manager-edj@rugbybwest.be<\/a><\/td>\n<\/tr>\n<tr class=\"row-3\">\n\t<td class=\"column-1\">Coachs<\/td><td class=\"column-2\">Alice PIRSOUL<br \/>\nJohan VANDERSTRAETEN<br \/>\nArnaud MORANDIN<br \/>\nFran\u00e7ois VAN DOREN<br \/>\nLouis VAN DOREN<br \/>\nAlexandre BRAHY<br \/>\nDavid LAM<br \/>\nTerence PIRART<br \/>\n<a href=\"mailto:\/\/coach-edj@rugbybwest.be\">coach-edj@rugbybwest.be<\/a><\/td>\n<\/tr>\n<\/tbody>\n<\/table>\n<!-- #tablepress-4 from cache --><\/h6>\n<p>\u00a0<\/p>\t\t\t\t\t\t<\/div>\n\t\t\t\t<\/div>\n\t\t\t\t\t<\/div>\n\t\t<\/div>\n\t\t\t\t\t<\/div>\n\t\t<\/section>\n\t\t\t\t<section class=\"elementor-section elementor-top-section elementor-element elementor-element-82bf2a8 elementor-section-boxed elementor-section-height-default elementor-section-height-default\" data-id=\"82bf2a8\" data-element_type=\"section\">\n\t\t\t\t\t\t<div class=\"elementor-container elementor-column-gap-default\">\n\t\t\t\t\t<div class=\"elementor-column elementor-col-100 elementor-top-column elementor-element elementor-element-f281b15\" data-id=\"f281b15\" data-element_type=\"column\">\n\t\t\t<div class=\"elementor-widget-wrap elementor-element-populated\">\n\t\t\t\t\t\t<div class=\"elementor-element elementor-element-ce6c8a0 elementor-button-info elementor-align-center elementor-widget elementor-widget-button\" data-id=\"ce6c8a0\" data-element_type=\"widget\" data-widget_type=\"button.default\">\n\t\t\t\t<div class=\"elementor-widget-container\">\n\t\t\t\t\t<div class=\"elementor-button-wrapper\">\n\t\t\t<a class=\"elementor-button elementor-button-link elementor-size-sm\" href=\"https:\/\/rugbybwest.be\/index.php\/club\/devenir-membre-cotisations\/\">\n\t\t\t\t\t\t<span class=\"elementor-button-content-wrapper\">\n\t\t\t\t\t\t<span class=\"elementor-button-text\">Toutes les infos pour t'inscrire<\/span>\n\t\t<\/span>\n\t\t\t\t\t<\/a>\n\t\t<\/div>\n\t\t\t\t<\/div>\n\t\t\t\t<\/div>\n\t\t\t\t\t<\/div>\n\t\t<\/div>\n\t\t\t\t\t<\/div>\n\t\t<\/section>\n\t\t\t\t<\/div>\n\t\t","protected":false},"excerpt":{"rendered":"<p>Les entra\u00eenements ont lieu les mercredis de 18h00 \u00e0 19h15 et les vendredis de 18h15 \u00e0 19h45. Nous participons aux Rassemblements Nationaux (RN), tournois organis\u00e9s par les clubs sous l&rsquo;\u00e9gide [&hellip;]<\/p>\n","protected":false},"author":1,"featured_media":0,"parent":11,"menu_order":2,"comment_status":"closed","ping_status":"closed","template":"","meta":{"_seopress_robots_primary_cat":"","_seopress_titles_title":"","_seopress_titles_desc":"","_seopress_robots_index":"","site-sidebar-layout":"no-sidebar","site-content-layout":"boxed-container","ast-site-content-layout":"normal-width-container","site-content-style":"boxed","site-sidebar-style":"boxed","ast-global-header-display":"","ast-banner-title-visibility":"","ast-main-header-display":"","ast-hfb-above-header-display":"","ast-hfb-below-header-display":"","ast-hfb-mobile-header-display":"","site-post-title":"","ast-breadcrumbs-content":"","ast-featured-img":"","footer-sml-layout":"","theme-transparent-header-meta":"default","adv-header-id-meta":"","stick-header-meta":"","header-above-stick-meta":"","header-main-stick-meta":"","header-below-stick-meta":"","astra-migrate-meta-layouts":"set","ast-page-background-enabled":"default","ast-page-background-meta":{"desktop":{"background-color":"var(--ast-global-color-4)","background-image":"","background-repeat":"repeat","background-position":"center center","background-size":"auto","background-attachment":"scroll","background-type":"","background-media":"","overlay-type":"","overlay-color":"","overlay-opacity":"","overlay-gradient":""},"tablet":{"background-color":"","background-image":"","background-repeat":"repeat","background-position":"center center","background-size":"auto","background-attachment":"scroll","background-type":"","background-media":"","overlay-type":"","overlay-color":"","overlay-opacity":"","overlay-gradient":""},"mobile":{"background-color":"","background-image":"","background-repeat":"repeat","background-position":"center center","background-size":"auto","background-attachment":"scroll","background-type":"","background-media":"","overlay-type":"","overlay-color":"","overlay-opacity":"","overlay-gradient":""}},"ast-content-background-meta":{"desktop":{"background-color":"var(--ast-global-color-5)","background-image":"","background-repeat":"repeat","background-position":"center center","background-size":"auto","background-attachment":"scroll","background-type":"","background-media":"","overlay-type":"","overlay-color":"","overlay-opacity":"","overlay-gradient":""},"tablet":{"background-color":"var(--ast-global-color-5)","background-image":"","background-repeat":"repeat","background-position":"center center","background-size":"auto","background-attachment":"scroll","background-type":"","background-media":"","overlay-type":"","overlay-color":"","overlay-opacity":"","overlay-gradient":""},"mobile":{"background-color":"var(--ast-global-color-5)","background-image":"","background-repeat":"repeat","background-position":"center center","background-size":"auto","background-attachment":"scroll","background-type":"","background-media":"","overlay-type":"","overlay-color":"","overlay-opacity":"","overlay-gradient":""}},"footnotes":""},"_links":{"self":[{"href":"https:\/\/rugbybwest.be\/index.php\/wp-json\/wp\/v2\/pages\/132"}],"collection":[{"href":"https:\/\/rugbybwest.be\/index.php\/wp-json\/wp\/v2\/pages"}],"about":[{"href":"https:\/\/rugbybwest.be\/index.php\/wp-json\/wp\/v2\/types\/page"}],"author":[{"embeddable":true,"href":"https:\/\/rugbybwest.be\/index.php\/wp-json\/wp\/v2\/users\/1"}],"replies":[{"embeddable":true,"href":"https:\/\/rugbybwest.be\/index.php\/wp-json\/wp\/v2\/comments?post=132"}],"version-history":[{"count":46,"href":"https:\/\/rugbybwest.be\/index.php\/wp-json\/wp\/v2\/pages\/132\/revisions"}],"predecessor-version":[{"id":1138,"href":"https:\/\/rugbybwest.be\/index.php\/wp-json\/wp\/v2\/pages\/132\/revisions\/1138"}],"up":[{"embeddable":true,"href":"https:\/\/rugbybwest.be\/index.php\/wp-json\/wp\/v2\/pages\/11"}],"wp:attachment":[{"href":"https:\/\/rugbybwest.be\/index.php\/wp-json\/wp\/v2\/media?parent=132"}],"curies":[{"name":"wp","href":"https:\/\/api.w.org\/{rel}","templated":true}]}}