{"id":233,"date":"2019-06-06T19:34:12","date_gmt":"2019-06-06T17:34:12","guid":{"rendered":"http:\/\/rugbybwest.be\/?page_id=233"},"modified":"2025-10-23T17:43:10","modified_gmt":"2025-10-23T15:43:10","slug":"seniors","status":"publish","type":"page","link":"https:\/\/rugbybwest.be\/index.php\/categories\/seniors\/","title":{"rendered":"S\u00e9niors"},"content":{"rendered":"\t\t<div data-elementor-type=\"wp-post\" data-elementor-id=\"233\" class=\"elementor elementor-233\">\n\t\t\t\t\t\t<section class=\"elementor-section elementor-top-section elementor-element elementor-element-26324958 elementor-section-full_width elementor-section-content-middle elementor-section-height-default elementor-section-height-default\" data-id=\"26324958\" data-element_type=\"section\">\n\t\t\t\t\t\t<div class=\"elementor-container elementor-column-gap-default\">\n\t\t\t\t\t<div class=\"elementor-column elementor-col-100 elementor-top-column elementor-element elementor-element-11a1dfe2\" data-id=\"11a1dfe2\" data-element_type=\"column\">\n\t\t\t<div class=\"elementor-widget-wrap elementor-element-populated\">\n\t\t\t\t\t\t<div class=\"elementor-element elementor-element-545d41de elementor-widget elementor-widget-text-editor\" data-id=\"545d41de\" data-element_type=\"widget\" data-widget_type=\"text-editor.default\">\n\t\t\t\t<div class=\"elementor-widget-container\">\n\t\t\t\t\t\t\t<p><!-- wp:paragraph --><\/p>\n<h6>Les entra\u00eenements ont lieu les mercredis et les vendredis de 20h00 \u00e0 22h00.\u00a0<\/h6>\n<h6>Apr\u00e8s avoir remport\u00e9 le championnat r\u00e9gional LBFR (R1) \u00e0 l&rsquo;issue de la saison 2023-2024 nous sommes mont\u00e9s en division 3 nationale (D3).<\/h6>\n<h6>Nos s\u00e9niors ont aussi perform\u00e9 durant la saison 2024-2025 et ont remport\u00e9 \u00e0 nouveau le championnat, nous donnant ainsi acc\u00e8s \u00e0 la division 2 nationale (D2), c&rsquo;est historique pour notre jeune club. Deux \u00e9quipes sont align\u00e9es pour chaque journ\u00e9e de comp\u00e9tition, l&rsquo;\u00e9quipe <b>r\u00e9serve<\/b> et l&rsquo;\u00e9quipe <b>premi\u00e8re<\/b>.<\/h6>\n<h6>Les matches ont lieu les dimanches : \u00e0 <b>13 heures<\/b> pour l&rsquo;\u00e9quipe <b>r\u00e9serve<\/b> et \u00e0 <b>15 heures<\/b> pour l&rsquo;\u00e9quipe <b>premi\u00e8re<\/b>, soit \u00e0 domicile, soit en d\u00e9placement.<\/h6>\n<p><!-- \/wp:paragraph --><\/p>\n<h6>\n<table id=\"tablepress-7\" class=\"tablepress tablepress-id-7\">\n<thead>\n<tr class=\"row-1\">\n\t<th class=\"column-1\">Fonction<\/th><th class=\"column-2\">Coordonn\u00e9es<\/th>\n<\/tr>\n<\/thead>\n<tbody class=\"row-striping row-hover\">\n<tr class=\"row-2\">\n\t<td class=\"column-1\">Manager<\/td><td class=\"column-2\">Laetitia Dewolf<br \/>\n<a href=\"mailto:\/\/manager-seniors@rugbybwest.be\">manager-seniors@rugbybwest.be<\/a><\/td>\n<\/tr>\n<tr class=\"row-3\">\n\t<td class=\"column-1\">Coach<\/td><td class=\"column-2\">Emmanuel Michez  \u00ab\u00a0Manu\u00a0\u00bb<br \/>\nEric Delreux<br \/>\nGauthier Petit (3\/4) <br \/>\n<a href=\"mailto:\/\/coach-seniors@rugbybwest.be\">coach-seniors@rugbybwest.be<\/a><\/td>\n<\/tr>\n<tr class=\"row-4\">\n\t<td class=\"column-1\">Pr\u00e9parateur physique<\/td><td class=\"column-2\">Xavier Millot<\/td>\n<\/tr>\n<\/tbody>\n<\/table>\n<!-- #tablepress-7 from cache --><\/h6>\t\t\t\t\t\t<\/div>\n\t\t\t\t<\/div>\n\t\t\t\t\t<\/div>\n\t\t<\/div>\n\t\t\t\t\t<\/div>\n\t\t<\/section>\n\t\t\t\t<section class=\"elementor-section elementor-top-section elementor-element elementor-element-6256104 elementor-section-boxed elementor-section-height-default elementor-section-height-default\" data-id=\"6256104\" data-element_type=\"section\">\n\t\t\t\t\t\t<div class=\"elementor-container elementor-column-gap-default\">\n\t\t\t\t\t<div class=\"elementor-column elementor-col-100 elementor-top-column elementor-element elementor-element-d293a8d\" data-id=\"d293a8d\" data-element_type=\"column\">\n\t\t\t<div class=\"elementor-widget-wrap elementor-element-populated\">\n\t\t\t\t\t\t<div class=\"elementor-element elementor-element-f18628a elementor-button-info elementor-align-center elementor-widget elementor-widget-button\" data-id=\"f18628a\" data-element_type=\"widget\" data-widget_type=\"button.default\">\n\t\t\t\t<div class=\"elementor-widget-container\">\n\t\t\t\t\t<div class=\"elementor-button-wrapper\">\n\t\t\t<a class=\"elementor-button elementor-button-link elementor-size-sm\" href=\"https:\/\/rugbybwest.be\/index.php\/club\/devenir-membre-cotisations\/\">\n\t\t\t\t\t\t<span class=\"elementor-button-content-wrapper\">\n\t\t\t\t\t\t<span class=\"elementor-button-text\">Toutes les infos pour t'inscrire<\/span>\n\t\t<\/span>\n\t\t\t\t\t<\/a>\n\t\t<\/div>\n\t\t\t\t<\/div>\n\t\t\t\t<\/div>\n\t\t\t\t\t<\/div>\n\t\t<\/div>\n\t\t\t\t\t<\/div>\n\t\t<\/section>\n\t\t\t\t<\/div>\n\t\t","protected":false},"excerpt":{"rendered":"<p>Les entra\u00eenements ont lieu les mercredis et les vendredis de 20h00 \u00e0 22h00.\u00a0 Apr\u00e8s avoir remport\u00e9 le championnat r\u00e9gional LBFR (R1) \u00e0 l&rsquo;issue de la saison 2023-2024 nous sommes mont\u00e9s [&hellip;]<\/p>\n","protected":false},"author":1,"featured_media":0,"parent":11,"menu_order":4,"comment_status":"closed","ping_status":"closed","template":"","meta":{"_seopress_robots_primary_cat":"","_seopress_titles_title":"","_seopress_titles_desc":"","_seopress_robots_index":"","site-sidebar-layout":"no-sidebar","site-content-layout":"boxed-container","ast-site-content-layout":"normal-width-container","site-content-style":"boxed","site-sidebar-style":"boxed","ast-global-header-display":"","ast-banner-title-visibility":"","ast-main-header-display":"","ast-hfb-above-header-display":"","ast-hfb-below-header-display":"","ast-hfb-mobile-header-display":"","site-post-title":"","ast-breadcrumbs-content":"","ast-featured-img":"","footer-sml-layout":"","theme-transparent-header-meta":"default","adv-header-id-meta":"","stick-header-meta":"","header-above-stick-meta":"","header-main-stick-meta":"","header-below-stick-meta":"","astra-migrate-meta-layouts":"set","ast-page-background-enabled":"default","ast-page-background-meta":{"desktop":{"background-color":"var(--ast-global-color-4)","background-image":"","background-repeat":"repeat","background-position":"center center","background-size":"auto","background-attachment":"scroll","background-type":"","background-media":"","overlay-type":"","overlay-color":"","overlay-opacity":"","overlay-gradient":""},"tablet":{"background-color":"","background-image":"","background-repeat":"repeat","background-position":"center center","background-size":"auto","background-attachment":"scroll","background-type":"","background-media":"","overlay-type":"","overlay-color":"","overlay-opacity":"","overlay-gradient":""},"mobile":{"background-color":"","background-image":"","background-repeat":"repeat","background-position":"center center","background-size":"auto","background-attachment":"scroll","background-type":"","background-media":"","overlay-type":"","overlay-color":"","overlay-opacity":"","overlay-gradient":""}},"ast-content-background-meta":{"desktop":{"background-color":"var(--ast-global-color-5)","background-image":"","background-repeat":"repeat","background-position":"center center","background-size":"auto","background-attachment":"scroll","background-type":"","background-media":"","overlay-type":"","overlay-color":"","overlay-opacity":"","overlay-gradient":""},"tablet":{"background-color":"var(--ast-global-color-5)","background-image":"","background-repeat":"repeat","background-position":"center center","background-size":"auto","background-attachment":"scroll","background-type":"","background-media":"","overlay-type":"","overlay-color":"","overlay-opacity":"","overlay-gradient":""},"mobile":{"background-color":"var(--ast-global-color-5)","background-image":"","background-repeat":"repeat","background-position":"center center","background-size":"auto","background-attachment":"scroll","background-type":"","background-media":"","overlay-type":"","overlay-color":"","overlay-opacity":"","overlay-gradient":""}},"footnotes":""},"_links":{"self":[{"href":"https:\/\/rugbybwest.be\/index.php\/wp-json\/wp\/v2\/pages\/233"}],"collection":[{"href":"https:\/\/rugbybwest.be\/index.php\/wp-json\/wp\/v2\/pages"}],"about":[{"href":"https:\/\/rugbybwest.be\/index.php\/wp-json\/wp\/v2\/types\/page"}],"author":[{"embeddable":true,"href":"https:\/\/rugbybwest.be\/index.php\/wp-json\/wp\/v2\/users\/1"}],"replies":[{"embeddable":true,"href":"https:\/\/rugbybwest.be\/index.php\/wp-json\/wp\/v2\/comments?post=233"}],"version-history":[{"count":33,"href":"https:\/\/rugbybwest.be\/index.php\/wp-json\/wp\/v2\/pages\/233\/revisions"}],"predecessor-version":[{"id":1161,"href":"https:\/\/rugbybwest.be\/index.php\/wp-json\/wp\/v2\/pages\/233\/revisions\/1161"}],"up":[{"embeddable":true,"href":"https:\/\/rugbybwest.be\/index.php\/wp-json\/wp\/v2\/pages\/11"}],"wp:attachment":[{"href":"https:\/\/rugbybwest.be\/index.php\/wp-json\/wp\/v2\/media?parent=233"}],"curies":[{"name":"wp","href":"https:\/\/api.w.org\/{rel}","templated":true}]}}