{"id":77,"date":"2019-06-03T18:47:32","date_gmt":"2019-06-03T16:47:32","guid":{"rendered":"http:\/\/rugbybwest.be\/?page_id=77"},"modified":"2025-05-17T16:50:51","modified_gmt":"2025-05-17T14:50:51","slug":"club","status":"publish","type":"page","link":"https:\/\/rugbybwest.be\/index.php\/club\/","title":{"rendered":"club"},"content":{"rendered":"\t\t<div data-elementor-type=\"wp-post\" data-elementor-id=\"77\" class=\"elementor elementor-77\">\n\t\t\t\t\t\t<section class=\"elementor-section elementor-top-section elementor-element elementor-element-15cf73af elementor-section-full_width elementor-section-height-default elementor-section-height-default\" data-id=\"15cf73af\" data-element_type=\"section\">\n\t\t\t\t\t\t<div class=\"elementor-container elementor-column-gap-default\">\n\t\t\t\t\t<div class=\"elementor-column elementor-col-100 elementor-top-column elementor-element elementor-element-2715ae96\" data-id=\"2715ae96\" data-element_type=\"column\">\n\t\t\t<div class=\"elementor-widget-wrap elementor-element-populated\">\n\t\t\t\t\t\t<div class=\"elementor-element elementor-element-32f6d93b elementor-widget elementor-widget-text-editor\" data-id=\"32f6d93b\" data-element_type=\"widget\" data-widget_type=\"text-editor.default\">\n\t\t\t\t<div class=\"elementor-widget-container\">\n\t\t\t\t\t\t\t<p><!-- wp:paragraph --><\/p>\n<h4><span style=\"color: #6b0000;\">Club de rugby braban\u00e7on n\u00e9 en 2007 de l&rsquo;enthousiasme de quelques\u00a0vieux briscards du rugby, il prend son envol et montre rapidement des vell\u00e9it\u00e9s de conqu\u00eates ambitieuses. Riche de sa jeunesse nombreuse, promesse de rel\u00e8ve, le club se dote de nouvelles et confortables infrastructures gr\u00e2ce au soutien de la ville de Jodoigne.<\/span><\/h4>\n<h4><span style=\"color: #6b0000;\"><!-- \/wp:paragraph --><!-- wp:paragraph --><\/span><\/h4>\n<h4><span style=\"color: #6b0000;\">Apr\u00e8s 3 saisons pass\u00e9es en D3 Nationale avec son \u00e9quipe senior, c&rsquo;est le retour en R\u00e9gionale 1 pour la saison 2019-2020. Le club entame un nouveau cycle, reconstruction &#8211; consolidation &#8211; croissance.<\/span><\/h4>\n<h4><span style=\"color: #6b0000;\">Champion de R\u00e9gionale 1 lors le saison 2023-2024, le club est de retour en D3 nationale avec son \u00e9quipe s\u00e9nior, qui sur sa lanc\u00e9e remporte\u00a0 \u00e0 nouveau le championnat la saison 2024-2025 et acc\u00e8de \u00e0 la D2 Nationale, niveau jamais atteint de puis la cr\u00e9ation du club.<\/span><\/h4>\n<p><!-- \/wp:paragraph --><\/p>\t\t\t\t\t\t<\/div>\n\t\t\t\t<\/div>\n\t\t\t\t\t<\/div>\n\t\t<\/div>\n\t\t\t\t\t<\/div>\n\t\t<\/section>\n\t\t\t\t<\/div>\n\t\t","protected":false},"excerpt":{"rendered":"<p>Club de rugby braban\u00e7on n\u00e9 en 2007 de l&rsquo;enthousiasme de quelques\u00a0vieux briscards du rugby, il prend son envol et montre rapidement des vell\u00e9it\u00e9s de conqu\u00eates ambitieuses. Riche de sa jeunesse [&hellip;]<\/p>\n","protected":false},"author":1,"featured_media":0,"parent":0,"menu_order":0,"comment_status":"closed","ping_status":"closed","template":"elementor_header_footer","meta":{"_seopress_robots_primary_cat":"","_seopress_titles_title":"","_seopress_titles_desc":"","_seopress_robots_index":"","site-sidebar-layout":"default","site-content-layout":"plain-container","ast-site-content-layout":"normal-width-container","site-content-style":"unboxed","site-sidebar-style":"unboxed","ast-global-header-display":"","ast-banner-title-visibility":"","ast-main-header-display":"","ast-hfb-above-header-display":"","ast-hfb-below-header-display":"","ast-hfb-mobile-header-display":"","site-post-title":"disabled","ast-breadcrumbs-content":"","ast-featured-img":"disabled","footer-sml-layout":"","theme-transparent-header-meta":"default","adv-header-id-meta":"","stick-header-meta":"","header-above-stick-meta":"","header-main-stick-meta":"","header-below-stick-meta":"","astra-migrate-meta-layouts":"set","ast-page-background-enabled":"default","ast-page-background-meta":{"desktop":{"background-color":"var(--ast-global-color-4)","background-image":"","background-repeat":"repeat","background-position":"center center","background-size":"auto","background-attachment":"scroll","background-type":"","background-media":"","overlay-type":"","overlay-color":"","overlay-opacity":"","overlay-gradient":""},"tablet":{"background-color":"","background-image":"","background-repeat":"repeat","background-position":"center center","background-size":"auto","background-attachment":"scroll","background-type":"","background-media":"","overlay-type":"","overlay-color":"","overlay-opacity":"","overlay-gradient":""},"mobile":{"background-color":"","background-image":"","background-repeat":"repeat","background-position":"center center","background-size":"auto","background-attachment":"scroll","background-type":"","background-media":"","overlay-type":"","overlay-color":"","overlay-opacity":"","overlay-gradient":""}},"ast-content-background-meta":{"desktop":{"background-color":"var(--ast-global-color-5)","background-image":"","background-repeat":"repeat","background-position":"center center","background-size":"auto","background-attachment":"scroll","background-type":"","background-media":"","overlay-type":"","overlay-color":"","overlay-opacity":"","overlay-gradient":""},"tablet":{"background-color":"var(--ast-global-color-5)","background-image":"","background-repeat":"repeat","background-position":"center center","background-size":"auto","background-attachment":"scroll","background-type":"","background-media":"","overlay-type":"","overlay-color":"","overlay-opacity":"","overlay-gradient":""},"mobile":{"background-color":"var(--ast-global-color-5)","background-image":"","background-repeat":"repeat","background-position":"center center","background-size":"auto","background-attachment":"scroll","background-type":"","background-media":"","overlay-type":"","overlay-color":"","overlay-opacity":"","overlay-gradient":""}},"footnotes":""},"_links":{"self":[{"href":"https:\/\/rugbybwest.be\/index.php\/wp-json\/wp\/v2\/pages\/77"}],"collection":[{"href":"https:\/\/rugbybwest.be\/index.php\/wp-json\/wp\/v2\/pages"}],"about":[{"href":"https:\/\/rugbybwest.be\/index.php\/wp-json\/wp\/v2\/types\/page"}],"author":[{"embeddable":true,"href":"https:\/\/rugbybwest.be\/index.php\/wp-json\/wp\/v2\/users\/1"}],"replies":[{"embeddable":true,"href":"https:\/\/rugbybwest.be\/index.php\/wp-json\/wp\/v2\/comments?post=77"}],"version-history":[{"count":21,"href":"https:\/\/rugbybwest.be\/index.php\/wp-json\/wp\/v2\/pages\/77\/revisions"}],"predecessor-version":[{"id":1086,"href":"https:\/\/rugbybwest.be\/index.php\/wp-json\/wp\/v2\/pages\/77\/revisions\/1086"}],"wp:attachment":[{"href":"https:\/\/rugbybwest.be\/index.php\/wp-json\/wp\/v2\/media?parent=77"}],"curies":[{"name":"wp","href":"https:\/\/api.w.org\/{rel}","templated":true}]}}